{"id":1924,"date":"2025-04-17T13:51:17","date_gmt":"2025-04-17T11:51:17","guid":{"rendered":"https:\/\/overtone0open0fringe0stoning.brazentellurite.eu\/?page_id=1924"},"modified":"2025-04-17T15:48:28","modified_gmt":"2025-04-17T13:48:28","slug":"black-out-your-passport-correctly","status":"publish","type":"page","link":"https:\/\/temion.eu\/en\/black-out-your-passport-correctly\/","title":{"rendered":"Personalausweis und Pass richtig schw\u00e4rzen"},"content":{"rendered":"<p>In practice, some procedures require you to have a <strong>Photo of your identity card<\/strong> or a <strong>Photo of your passport<\/strong> submit. But you can (and should) redact some information. We'll show you what you can redact.<\/p>\n\n\n\n<div class=\"wp-block-group is-nowrap is-layout-flex wp-container-core-group-is-layout-6c531013 wp-block-group-is-layout-flex\">\n<p>This is how it works:<\/p>\n\n\n<nav class=\"wp-block-navigation is-layout-flex wp-block-navigation-is-layout-flex\" aria-label=\"Navigation 10\"><ul class=\"wp-block-navigation__container  wp-block-navigation\"><li class=\"wp-block-navigation-item wp-block-navigation-link\"><a class=\"wp-block-navigation-item__content\"  href=\"#perso\"><span class=\"wp-block-navigation-item__label\">Blacken your passport<\/span><\/a><\/li><li class=\"wp-block-navigation-item wp-block-navigation-link\"><a class=\"wp-block-navigation-item__content\"  href=\"#pass\"><span class=\"wp-block-navigation-item__label\">Black out your passport<\/span><\/a><\/li><\/ul><\/nav><\/div>\n\n\n\n<div style=\"height:144px\" aria-hidden=\"true\" class=\"wp-block-spacer\"><\/div>\n\n\n\n<h3 class=\"wp-block-heading\" id=\"perso\">Your identity card (EU model)<\/h3>\n\n\n\n<figure class=\"wp-block-image size-full\"><img loading=\"lazy\" decoding=\"async\" width=\"933\" height=\"525\" src=\"https:\/\/overtone0open0fringe0stoning.brazentellurite.eu\/wp-content\/uploads\/sites\/6\/2025\/04\/Infobroschuere_Details.jpg\" alt=\"\" class=\"wp-image-1925\" srcset=\"https:\/\/temion.eu\/wp-content\/uploads\/sites\/6\/2025\/04\/Infobroschuere_Details.jpg 933w, https:\/\/temion.eu\/wp-content\/uploads\/sites\/6\/2025\/04\/Infobroschuere_Details-300x169.jpg 300w, https:\/\/temion.eu\/wp-content\/uploads\/sites\/6\/2025\/04\/Infobroschuere_Details-768x432.jpg 768w, https:\/\/temion.eu\/wp-content\/uploads\/sites\/6\/2025\/04\/Infobroschuere_Details-18x10.jpg 18w\" sizes=\"auto, (max-width: 933px) 100vw, 933px\" \/><\/figure>\n\n\n\n<p>Black out the information as shown in the picture. However, the following information should remain legible (red arrows):<\/p>\n\n\n\n<ul class=\"wp-block-list\">\n<li>First name<\/li>\n\n\n\n<li>Name<\/li>\n\n\n\n<li>Date of birth<\/li>\n\n\n\n<li>Place of birth<\/li>\n\n\n\n<li>Signature<\/li>\n\n\n\n<li>the last three digits of the ID number (top right corner)<\/li>\n<\/ul>\n\n\n\n<div style=\"height:144px\" aria-hidden=\"true\" class=\"wp-block-spacer\"><\/div>\n\n\n\n<h3 class=\"wp-block-heading\" id=\"pass\">Your passport<\/h3>\n\n\n\n<figure class=\"wp-block-image size-full\"><img loading=\"lazy\" decoding=\"async\" width=\"727\" height=\"500\" src=\"https:\/\/overtone0open0fringe0stoning.brazentellurite.eu\/wp-content\/uploads\/sites\/6\/2025\/04\/Mustermann_Reisepass_2007.jpg\" alt=\"\" class=\"wp-image-1926\" srcset=\"https:\/\/temion.eu\/wp-content\/uploads\/sites\/6\/2025\/04\/Mustermann_Reisepass_2007.jpg 727w, https:\/\/temion.eu\/wp-content\/uploads\/sites\/6\/2025\/04\/Mustermann_Reisepass_2007-300x206.jpg 300w, https:\/\/temion.eu\/wp-content\/uploads\/sites\/6\/2025\/04\/Mustermann_Reisepass_2007-18x12.jpg 18w\" sizes=\"auto, (max-width: 727px) 100vw, 727px\" \/><\/figure>\n\n\n\n<p>Black out the information as shown in the picture. However, the following information should remain legible (red arrows):<\/p>\n\n\n\n<ul class=\"wp-block-list\">\n<li>First name<\/li>\n\n\n\n<li>Name<\/li>\n\n\n\n<li>Date of birth<\/li>\n\n\n\n<li>Place of birth<\/li>\n\n\n\n<li>Signature<\/li>\n\n\n\n<li>the last three digits of the ID number (top right corner)<\/li>\n<\/ul>\n\n\n\n<div style=\"height:100px\" aria-hidden=\"true\" class=\"wp-block-spacer\"><\/div>\n\n\n\n<h2 class=\"wp-block-heading\">Where you live is nobody's business<\/h2>\n\n\n\n<p>It can often make sense to identify yourself with your passport instead of your ID card, as unlike the ID card, the passport does not contain any information about your registration address. So if you don't trust the person you're meeting or want to keep your details secret, it's often a smart idea to use your passport instead of your ID card. <\/p>\n\n\n\n<p>You always fulfill your obligation to identify yourself (it is very controversial whether there is such an obligation at all) by presenting a passport.<\/p>\n\n\n\n<p>You can find more tips on how to remain anonymous on our page: How to remain anonymous (for as long as possible)<\/p>\n\n\n\n<p><\/p>","protected":false},"excerpt":{"rendered":"<p>F\u00fcr einige Verfahren ist es in der Praxis erforderlich, dass Du ein Foto Deines Personalausweises oder ein Foto von Deinem Pass einreichst. Aber Du kannst (und solltest) dabei einigen Informationen schw\u00e4rzen. Wir zeigen Dir was Du schw\u00e4rzen kannst. So geht&#8217;s: Dein Personalausweis (EU-Modell) Schw\u00e4rze die Informationen wie auf dem Bild zu sehen. Folgende Infos sollten [&hellip;]<\/p>\n","protected":false},"author":1,"featured_media":0,"parent":0,"menu_order":0,"comment_status":"closed","ping_status":"closed","template":"","meta":{"footnotes":""},"class_list":["post-1924","page","type-page","status-publish","hentry"],"yoast_head":"<!-- This site is optimized with the Yoast SEO plugin v26.2 - https:\/\/yoast.com\/wordpress\/plugins\/seo\/ -->\n<title>Personalausweis und Pass richtig schw\u00e4rzen - Temion<\/title>\n<meta name=\"robots\" content=\"index, follow, max-snippet:-1, max-image-preview:large, max-video-preview:-1\" \/>\n<link rel=\"canonical\" href=\"https:\/\/temion.eu\/en\/black-out-your-passport-correctly\/\" \/>\n<meta property=\"og:locale\" content=\"en_US\" \/>\n<meta property=\"og:type\" content=\"article\" \/>\n<meta property=\"og:title\" content=\"Personalausweis und Pass richtig schw\u00e4rzen - Temion\" \/>\n<meta property=\"og:description\" content=\"F\u00fcr einige Verfahren ist es in der Praxis erforderlich, dass Du ein Foto Deines Personalausweises oder ein Foto von Deinem Pass einreichst. Aber Du kannst (und solltest) dabei einigen Informationen schw\u00e4rzen. Wir zeigen Dir was Du schw\u00e4rzen kannst. So geht&#8217;s: Dein Personalausweis (EU-Modell) Schw\u00e4rze die Informationen wie auf dem Bild zu sehen. Folgende Infos sollten [&hellip;]\" \/>\n<meta property=\"og:url\" content=\"https:\/\/temion.eu\/en\/black-out-your-passport-correctly\/\" \/>\n<meta property=\"og:site_name\" content=\"Temion\" \/>\n<meta property=\"article:modified_time\" content=\"2025-04-17T13:48:28+00:00\" \/>\n<meta property=\"og:image\" content=\"https:\/\/overtone0open0fringe0stoning.brazentellurite.eu\/wp-content\/uploads\/sites\/6\/2025\/04\/Infobroschuere_Details.jpg\" \/>\n<meta name=\"twitter:card\" content=\"summary_large_image\" \/>\n<meta name=\"twitter:label1\" content=\"Est. reading time\" \/>\n\t<meta name=\"twitter:data1\" content=\"1 minute\" \/>\n<script type=\"application\/ld+json\" class=\"yoast-schema-graph\">{\"@context\":\"https:\/\/schema.org\",\"@graph\":[{\"@type\":\"WebPage\",\"@id\":\"https:\/\/temion.eu\/de\/perso-und-pass-richtig-schwaerzen\/\",\"url\":\"https:\/\/temion.eu\/de\/perso-und-pass-richtig-schwaerzen\/\",\"name\":\"Personalausweis und Pass richtig schw\u00e4rzen - Temion\",\"isPartOf\":{\"@id\":\"https:\/\/temion.eu\/de\/#website\"},\"primaryImageOfPage\":{\"@id\":\"https:\/\/temion.eu\/de\/perso-und-pass-richtig-schwaerzen\/#primaryimage\"},\"image\":{\"@id\":\"https:\/\/temion.eu\/de\/perso-und-pass-richtig-schwaerzen\/#primaryimage\"},\"thumbnailUrl\":\"https:\/\/overtone0open0fringe0stoning.brazentellurite.eu\/wp-content\/uploads\/sites\/6\/2025\/04\/Infobroschuere_Details.jpg\",\"datePublished\":\"2025-04-17T11:51:17+00:00\",\"dateModified\":\"2025-04-17T13:48:28+00:00\",\"breadcrumb\":{\"@id\":\"https:\/\/temion.eu\/de\/perso-und-pass-richtig-schwaerzen\/#breadcrumb\"},\"inLanguage\":\"en-US\",\"potentialAction\":[{\"@type\":\"ReadAction\",\"target\":[\"https:\/\/temion.eu\/de\/perso-und-pass-richtig-schwaerzen\/\"]}]},{\"@type\":\"ImageObject\",\"inLanguage\":\"en-US\",\"@id\":\"https:\/\/temion.eu\/de\/perso-und-pass-richtig-schwaerzen\/#primaryimage\",\"url\":\"https:\/\/overtone0open0fringe0stoning.brazentellurite.eu\/wp-content\/uploads\/sites\/6\/2025\/04\/Infobroschuere_Details.jpg\",\"contentUrl\":\"https:\/\/overtone0open0fringe0stoning.brazentellurite.eu\/wp-content\/uploads\/sites\/6\/2025\/04\/Infobroschuere_Details.jpg\"},{\"@type\":\"BreadcrumbList\",\"@id\":\"https:\/\/temion.eu\/de\/perso-und-pass-richtig-schwaerzen\/#breadcrumb\",\"itemListElement\":[{\"@type\":\"ListItem\",\"position\":1,\"name\":\"Home\",\"item\":\"https:\/\/temion.eu\/de\/\"},{\"@type\":\"ListItem\",\"position\":2,\"name\":\"Personalausweis und Pass richtig schw\u00e4rzen\"}]},{\"@type\":\"WebSite\",\"@id\":\"https:\/\/temion.eu\/de\/#website\",\"url\":\"https:\/\/temion.eu\/de\/\",\"name\":\"Temion\",\"description\":\"Built in estonishing Estonia with love\",\"publisher\":{\"@id\":\"https:\/\/temion.eu\/de\/#organization\"},\"potentialAction\":[{\"@type\":\"SearchAction\",\"target\":{\"@type\":\"EntryPoint\",\"urlTemplate\":\"https:\/\/temion.eu\/de\/?s={search_term_string}\"},\"query-input\":{\"@type\":\"PropertyValueSpecification\",\"valueRequired\":true,\"valueName\":\"search_term_string\"}}],\"inLanguage\":\"en-US\"},{\"@type\":\"Organization\",\"@id\":\"https:\/\/temion.eu\/de\/#organization\",\"name\":\"Temion\",\"url\":\"https:\/\/temion.eu\/de\/\",\"logo\":{\"@type\":\"ImageObject\",\"inLanguage\":\"en-US\",\"@id\":\"https:\/\/temion.eu\/de\/#\/schema\/logo\/image\/\",\"url\":\"https:\/\/temion.eu\/wp-content\/uploads\/sites\/6\/2024\/11\/logo_temion.png\",\"contentUrl\":\"https:\/\/temion.eu\/wp-content\/uploads\/sites\/6\/2024\/11\/logo_temion.png\",\"width\":500,\"height\":115,\"caption\":\"Temion\"},\"image\":{\"@id\":\"https:\/\/temion.eu\/de\/#\/schema\/logo\/image\/\"}}]}<\/script>\n<!-- \/ Yoast SEO plugin. -->","yoast_head_json":{"title":"Personalausweis und Pass richtig schw\u00e4rzen - Temion","robots":{"index":"index","follow":"follow","max-snippet":"max-snippet:-1","max-image-preview":"max-image-preview:large","max-video-preview":"max-video-preview:-1"},"canonical":"https:\/\/temion.eu\/en\/black-out-your-passport-correctly\/","og_locale":"en_US","og_type":"article","og_title":"Personalausweis und Pass richtig schw\u00e4rzen - Temion","og_description":"F\u00fcr einige Verfahren ist es in der Praxis erforderlich, dass Du ein Foto Deines Personalausweises oder ein Foto von Deinem Pass einreichst. Aber Du kannst (und solltest) dabei einigen Informationen schw\u00e4rzen. Wir zeigen Dir was Du schw\u00e4rzen kannst. So geht&#8217;s: Dein Personalausweis (EU-Modell) Schw\u00e4rze die Informationen wie auf dem Bild zu sehen. Folgende Infos sollten [&hellip;]","og_url":"https:\/\/temion.eu\/en\/black-out-your-passport-correctly\/","og_site_name":"Temion","article_modified_time":"2025-04-17T13:48:28+00:00","og_image":[{"url":"https:\/\/overtone0open0fringe0stoning.brazentellurite.eu\/wp-content\/uploads\/sites\/6\/2025\/04\/Infobroschuere_Details.jpg","type":"","width":"","height":""}],"twitter_card":"summary_large_image","twitter_misc":{"Est. reading time":"1 minute"},"schema":{"@context":"https:\/\/schema.org","@graph":[{"@type":"WebPage","@id":"https:\/\/temion.eu\/de\/perso-und-pass-richtig-schwaerzen\/","url":"https:\/\/temion.eu\/de\/perso-und-pass-richtig-schwaerzen\/","name":"Personalausweis und Pass richtig schw\u00e4rzen - Temion","isPartOf":{"@id":"https:\/\/temion.eu\/de\/#website"},"primaryImageOfPage":{"@id":"https:\/\/temion.eu\/de\/perso-und-pass-richtig-schwaerzen\/#primaryimage"},"image":{"@id":"https:\/\/temion.eu\/de\/perso-und-pass-richtig-schwaerzen\/#primaryimage"},"thumbnailUrl":"https:\/\/overtone0open0fringe0stoning.brazentellurite.eu\/wp-content\/uploads\/sites\/6\/2025\/04\/Infobroschuere_Details.jpg","datePublished":"2025-04-17T11:51:17+00:00","dateModified":"2025-04-17T13:48:28+00:00","breadcrumb":{"@id":"https:\/\/temion.eu\/de\/perso-und-pass-richtig-schwaerzen\/#breadcrumb"},"inLanguage":"en-US","potentialAction":[{"@type":"ReadAction","target":["https:\/\/temion.eu\/de\/perso-und-pass-richtig-schwaerzen\/"]}]},{"@type":"ImageObject","inLanguage":"en-US","@id":"https:\/\/temion.eu\/de\/perso-und-pass-richtig-schwaerzen\/#primaryimage","url":"https:\/\/overtone0open0fringe0stoning.brazentellurite.eu\/wp-content\/uploads\/sites\/6\/2025\/04\/Infobroschuere_Details.jpg","contentUrl":"https:\/\/overtone0open0fringe0stoning.brazentellurite.eu\/wp-content\/uploads\/sites\/6\/2025\/04\/Infobroschuere_Details.jpg"},{"@type":"BreadcrumbList","@id":"https:\/\/temion.eu\/de\/perso-und-pass-richtig-schwaerzen\/#breadcrumb","itemListElement":[{"@type":"ListItem","position":1,"name":"Home","item":"https:\/\/temion.eu\/de\/"},{"@type":"ListItem","position":2,"name":"Personalausweis und Pass richtig schw\u00e4rzen"}]},{"@type":"WebSite","@id":"https:\/\/temion.eu\/de\/#website","url":"https:\/\/temion.eu\/de\/","name":"Temion","description":"Built in estonishing Estonia with love","publisher":{"@id":"https:\/\/temion.eu\/de\/#organization"},"potentialAction":[{"@type":"SearchAction","target":{"@type":"EntryPoint","urlTemplate":"https:\/\/temion.eu\/de\/?s={search_term_string}"},"query-input":{"@type":"PropertyValueSpecification","valueRequired":true,"valueName":"search_term_string"}}],"inLanguage":"en-US"},{"@type":"Organization","@id":"https:\/\/temion.eu\/de\/#organization","name":"Temion","url":"https:\/\/temion.eu\/de\/","logo":{"@type":"ImageObject","inLanguage":"en-US","@id":"https:\/\/temion.eu\/de\/#\/schema\/logo\/image\/","url":"https:\/\/temion.eu\/wp-content\/uploads\/sites\/6\/2024\/11\/logo_temion.png","contentUrl":"https:\/\/temion.eu\/wp-content\/uploads\/sites\/6\/2024\/11\/logo_temion.png","width":500,"height":115,"caption":"Temion"},"image":{"@id":"https:\/\/temion.eu\/de\/#\/schema\/logo\/image\/"}}]}},"_links":{"self":[{"href":"https:\/\/temion.eu\/en\/wp-json\/wp\/v2\/pages\/1924","targetHints":{"allow":["GET"]}}],"collection":[{"href":"https:\/\/temion.eu\/en\/wp-json\/wp\/v2\/pages"}],"about":[{"href":"https:\/\/temion.eu\/en\/wp-json\/wp\/v2\/types\/page"}],"author":[{"embeddable":true,"href":"https:\/\/temion.eu\/en\/wp-json\/wp\/v2\/users\/1"}],"replies":[{"embeddable":true,"href":"https:\/\/temion.eu\/en\/wp-json\/wp\/v2\/comments?post=1924"}],"version-history":[{"count":2,"href":"https:\/\/temion.eu\/en\/wp-json\/wp\/v2\/pages\/1924\/revisions"}],"predecessor-version":[{"id":1938,"href":"https:\/\/temion.eu\/en\/wp-json\/wp\/v2\/pages\/1924\/revisions\/1938"}],"wp:attachment":[{"href":"https:\/\/temion.eu\/en\/wp-json\/wp\/v2\/media?parent=1924"}],"curies":[{"name":"wp","href":"https:\/\/api.w.org\/{rel}","templated":true}]}}