{"id":2,"date":"2024-10-11T17:58:19","date_gmt":"2024-10-11T17:58:19","guid":{"rendered":"http:\/\/brazentellurite.eu\/?page_id=2"},"modified":"2025-08-15T07:59:28","modified_gmt":"2025-08-15T05:59:28","slug":"mentions-legales","status":"publish","type":"page","link":"https:\/\/temion.eu\/fr\/mentions-legales\/","title":{"rendered":"Mentions l\u00e9gales"},"content":{"rendered":"<div class=\"wp-block-group alignwide has-global-padding is-layout-constrained wp-block-group-is-layout-constrained\" style=\"margin-top:0;margin-bottom:0;padding-top:var(--wp--preset--spacing--50);padding-bottom:var(--wp--preset--spacing--50)\">\n<div class=\"wp-block-group alignwide has-global-padding is-layout-constrained wp-block-group-is-layout-constrained\">\n<div class=\"wp-block-group alignwide is-nowrap is-layout-flex wp-container-core-group-is-layout-89fecd95 wp-block-group-is-layout-flex\" style=\"border-style:none;border-width:0px;margin-top:0;margin-bottom:var(--wp--preset--spacing--40);padding-top:0;padding-right:0;padding-bottom:0;padding-left:0\">\n<div class=\"wp-block-columns has-base-background-color has-background wp-container-content-9cfa9a5a is-layout-flex wp-container-core-columns-is-layout-6a90d6a3 wp-block-columns-is-layout-flex\" style=\"border-style:none;border-width:0px;padding-right:0;padding-left:0\">\n<div class=\"wp-block-column is-vertically-aligned-stretch is-layout-flow wp-block-column-is-layout-flow\" style=\"flex-basis:50%\">\n<h3 class=\"wp-block-heading has-large-font-size\" style=\"font-style:normal;font-weight:700\">TEMION Rechtsanwaltsgesellschaft mbH i.L.<\/h3>\n\n\n\n<div class=\"wp-block-group wp-container-content-da09a7bf is-vertical is-content-justification-stretch is-layout-flex wp-container-core-group-is-layout-e9e70883 wp-block-group-is-layout-flex\">\n<div class=\"wp-block-group is-nowrap is-layout-flex wp-container-core-group-is-layout-f66f9956 wp-block-group-is-layout-flex\">\n<p class=\"has-medium-font-size\"><strong>E<\/strong> hallo@temion.eu<\/p>\n\n\n\n<p><strong>T<\/strong> +49 561 47393540<\/p>\n<\/div>\n<\/div>\n<\/div>\n\n\n\n<div class=\"wp-block-column is-vertically-aligned-bottom is-layout-flow wp-block-column-is-layout-flow\" style=\"flex-basis:25%\">\n<div class=\"wp-block-group wp-container-content-69bc4bdf is-vertical is-content-justification-stretch is-layout-flex wp-container-core-group-is-layout-bba86065 wp-block-group-is-layout-flex\">\n<figure class=\"wp-block-image size-large\"><img loading=\"lazy\" decoding=\"async\" width=\"1024\" height=\"768\" src=\"https:\/\/overtone0open0fringe0stoning.brazentellurite.eu\/wp-content\/uploads\/sites\/6\/2025\/02\/IMG_0830-1024x768.jpeg\" alt=\"\" class=\"wp-image-965\" srcset=\"https:\/\/temion.eu\/wp-content\/uploads\/sites\/6\/2025\/02\/IMG_0830-1024x768.jpeg 1024w, https:\/\/temion.eu\/wp-content\/uploads\/sites\/6\/2025\/02\/IMG_0830-300x225.jpeg 300w, https:\/\/temion.eu\/wp-content\/uploads\/sites\/6\/2025\/02\/IMG_0830-768x576.jpeg 768w, https:\/\/temion.eu\/wp-content\/uploads\/sites\/6\/2025\/02\/IMG_0830-1536x1152.jpeg 1536w, https:\/\/temion.eu\/wp-content\/uploads\/sites\/6\/2025\/02\/IMG_0830-2048x1536.jpeg 2048w, https:\/\/temion.eu\/wp-content\/uploads\/sites\/6\/2025\/02\/IMG_0830-16x12.jpeg 16w\" sizes=\"auto, (max-width: 1024px) 100vw, 1024px\" \/><\/figure>\n\n\n\n<div class=\"wp-block-group wp-container-content-69bc4bdf is-vertical is-content-justification-stretch is-layout-flex wp-container-core-group-is-layout-ae24f51d wp-block-group-is-layout-flex\">\n<h3 class=\"wp-block-heading has-medium-font-size\" style=\"font-style:normal;font-weight:700\">Kassel<\/h3>\n\n\n\n<p class=\"has-medium-font-size\">Treppenstra\u00dfe 5<br>34117 Kassel<br>Allemagne<\/p>\n<\/div>\n<\/div>\n<\/div>\n\n\n\n<div class=\"wp-block-column is-vertically-aligned-bottom is-layout-flow wp-block-column-is-layout-flow\" style=\"flex-basis:25%\">\n<div class=\"wp-block-group wp-container-content-69bc4bdf is-vertical is-content-justification-stretch is-layout-flex wp-container-core-group-is-layout-64be3dce wp-block-group-is-layout-flex\">\n<figure class=\"wp-block-image size-large is-resized\"><img loading=\"lazy\" decoding=\"async\" width=\"1024\" height=\"768\" src=\"https:\/\/overtone0open0fringe0stoning.brazentellurite.eu\/wp-content\/uploads\/sites\/6\/2025\/03\/IMG_5620-1024x768.jpg\" alt=\"\" class=\"wp-image-1616\" style=\"width:254px;height:auto\" srcset=\"https:\/\/temion.eu\/wp-content\/uploads\/sites\/6\/2025\/03\/IMG_5620-1024x768.jpg 1024w, https:\/\/temion.eu\/wp-content\/uploads\/sites\/6\/2025\/03\/IMG_5620-300x225.jpg 300w, https:\/\/temion.eu\/wp-content\/uploads\/sites\/6\/2025\/03\/IMG_5620-768x576.jpg 768w, https:\/\/temion.eu\/wp-content\/uploads\/sites\/6\/2025\/03\/IMG_5620-1536x1152.jpg 1536w, https:\/\/temion.eu\/wp-content\/uploads\/sites\/6\/2025\/03\/IMG_5620-2048x1536.jpg 2048w, https:\/\/temion.eu\/wp-content\/uploads\/sites\/6\/2025\/03\/IMG_5620-16x12.jpg 16w\" sizes=\"auto, (max-width: 1024px) 100vw, 1024px\" \/><\/figure>\n\n\n\n<div class=\"wp-block-group wp-container-content-69bc4bdf is-vertical is-content-justification-left is-layout-flex wp-container-core-group-is-layout-58619254 wp-block-group-is-layout-flex\">\n<h3 class=\"wp-block-heading has-medium-font-size\" style=\"font-style:normal;font-weight:700\">Bruxelles<\/h3>\n\n\n\n<p class=\"has-medium-font-size\">Rue aux Laines<br>Bruxelles, 1000<br>Belgique<\/p>\n<\/div>\n<\/div>\n<\/div>\n<\/div>\n<\/div>\n\n\n\n<div style=\"height:60px;width:0px\" aria-hidden=\"true\" class=\"wp-block-spacer\"><\/div>\n\n\n\n<hr class=\"wp-block-separator alignwide has-alpha-channel-opacity\"\/>\n\n\n\n<div class=\"wp-block-columns alignwide is-layout-flex wp-container-core-columns-is-layout-28f84493 wp-block-columns-is-layout-flex\">\n<div class=\"wp-block-column is-layout-flow wp-block-column-is-layout-flow\">\n<div class=\"wp-block-group is-nowrap is-layout-flex wp-container-core-group-is-layout-f66f9956 wp-block-group-is-layout-flex\">\n<details class=\"wp-block-details alignwide has-contrast-color has-text-color has-link-color wp-elements-352d426200d8880a66f61d383c607b6a wp-container-content-9cfa9a5a is-layout-flow wp-container-core-details-is-layout-22223934 wp-block-details-is-layout-flow\" style=\"font-size:0.8em;font-style:normal;font-weight:700;line-height:1.2\" open><summary>Lois et r\u00e9glementations pertinentes<\/summary>\n<p style=\"font-style:normal;font-weight:400\">Les lois et r\u00e9glementations suivantes sont notamment pertinentes pour l'activit\u00e9 du cabinet :<\/p>\n\n\n\n<p style=\"font-style:normal;font-weight:400\">Le droit professionnel des avocats est principalement r\u00e9gi par la loi f\u00e9d\u00e9rale sur les avocats (BRAO). Il contient entre autres les dispositions fondamentales sur l'admission au barreau et sur les droits et obligations dans le cadre de l'exercice de la profession d'avocat. Le code de d\u00e9ontologie des avocats (BORA) et le code de d\u00e9ontologie des avocats sp\u00e9cialis\u00e9s (FAO) compl\u00e8tent le BRAO.<\/p>\n\n\n\n<p style=\"font-style:normal;font-weight:400\">Pour les avocats qui ont obtenu une autorisation dans un autre \u00c9tat de l'UE et qui exercent (\u00e9galement) en Allemagne, la loi sur l'activit\u00e9 des avocats europ\u00e9ens en Allemagne (EuRAG) ou le r\u00e8glement d'application de l'article 206 BRAO pour les avocats non europ\u00e9ens s'appliquent \u00e9galement.<\/p>\n\n\n\n<p style=\"font-style:normal;font-weight:400\">En cas d'activit\u00e9s transfrontali\u00e8res en Europe (UE, AELE, EEE, Ukraine et Turquie), l'avocat doit en outre respecter les r\u00e8gles de la Conf\u00e9d\u00e9ration des Barreaux d'Europe (CCBE).<\/p>\n\n\n\n<p style=\"font-style:normal;font-weight:400\">Eine Vielzahl weiterer Regelungen, die die anwaltliche Berufsaus\u00fcbung betreffen, sind auf andere Gesetze, beispielsweise das Rechtsdienstleistungsgesetz, das Geldw\u00e4schegesetz, das Zivilprozessrecht oder das Strafgesetzbuch, verteilt:<\/p>\n\n\n\n<ul class=\"wp-block-list\">\n<li style=\"font-style:normal;font-weight:400\">Code fiscal (AO)<\/li>\n\n\n\n<li style=\"font-style:normal;font-weight:400\">Code f\u00e9d\u00e9ral du barreau (BRAO)<\/li>\n\n\n\n<li style=\"font-style:normal;font-weight:400\">Code de d\u00e9ontologie des avocats (BORA)<\/li>\n\n\n\n<li style=\"font-style:normal;font-weight:400\">Loi sur la r\u00e9mun\u00e9ration des avocats (RVG)<\/li>\n\n\n\n<li style=\"font-style:normal;font-weight:400\">R\u00e8glement relatif aux avocats sp\u00e9cialis\u00e9s (FAO)<\/li>\n\n\n\n<li style=\"font-style:normal;font-weight:400\">Loi sur l'activit\u00e9 des avocats europ\u00e9ens en Allemagne (EuRAG)<\/li>\n\n\n\n<li style=\"font-style:normal;font-weight:400\">R\u00e8gles professionnelles des avocats de l'Union europ\u00e9enne et d'autres \u00c9tats europ\u00e9ens (r\u00e8gles professionnelles du CCBE)<\/li>\n\n\n\n<li style=\"font-style:normal;font-weight:400\">Loi sur la lutte contre le blanchiment d'argent (LBA)<\/li>\n\n\n\n<li style=\"font-style:normal;font-weight:400\">Code p\u00e9nal (CP)<\/li>\n\n\n\n<li style=\"font-style:normal;font-weight:400\">Loi sur les soci\u00e9t\u00e9s de partenariat des professions lib\u00e9rales (PartG)<\/li>\n\n\n\n<li style=\"font-style:normal;font-weight:400\">Ordonnance sur les r\u00e9pertoires d'avocats et les bo\u00eetes aux lettres \u00e9lectroniques sp\u00e9ciales pour les avocats (RAVPV)<\/li>\n\n\n\n<li style=\"font-style:normal;font-weight:400\">R\u00e8glement relatif aux obligations d'information sur les services (DL-InfoV)<\/li>\n\n\n\n<li style=\"font-style:normal;font-weight:400\">R\u00e8glement (UE) 2016\/679 du Parlement europ\u00e9en et du Conseil du 27 avril 2016 relatif \u00e0 la protection des personnes physiques \u00e0 l'\u00e9gard du traitement des donn\u00e9es \u00e0 caract\u00e8re personnel et \u00e0 la libre circulation de ces donn\u00e9es, et abrogeant la directive 95\/46\/CE (RGPD UE)<\/li>\n\n\n\n<li style=\"font-style:normal;font-weight:400\">Loi sur les soci\u00e9t\u00e9s \u00e0 responsabilit\u00e9 limit\u00e9e (GmbHG)<\/li>\n<\/ul>\n\n\n\n<p style=\"font-style:normal;font-weight:400\"><\/p>\n<\/details>\n<\/div>\n<\/div>\n\n\n\n<div class=\"wp-block-column is-layout-flow wp-block-column-is-layout-flow\">\n<div class=\"wp-block-group is-vertical is-layout-flex wp-container-core-group-is-layout-fe9cc265 wp-block-group-is-layout-flex\">\n<details class=\"wp-block-details alignwide has-contrast-color has-text-color has-link-color wp-elements-8b14f28f6bdb268fbd48df715aca4068 wp-container-content-9cfa9a5a is-layout-flow wp-container-core-details-is-layout-22223934 wp-block-details-is-layout-flow\" style=\"font-size:0.8em;font-style:normal;font-weight:700;line-height:1.2\" open><summary>Informations sur le registre et gestion<\/summary>\n<p style=\"font-style:normal;font-weight:400\">Rechtsform: Gesellschaft mit beschr\u00e4nkter Haftung nach dem Recht der Bundesrepublik Deutschland<br>Si\u00e8ge : Treppenstra\u00dfe 5, 34117 Kassel, R\u00e9publique f\u00e9d\u00e9rale d'Allemagne<br>Registre : Tribunal d'instance de Kassel, HRB 18453<br>Gesch\u00e4ftsf\u00fchrung: Guido Bockamp<\/p>\n<\/details>\n\n\n\n<details class=\"wp-block-details alignwide has-contrast-color has-text-color has-link-color wp-elements-128292e97b4c21d3c80ca58f40e9a17b wp-container-content-9cfa9a5a is-layout-flow wp-container-core-details-is-layout-22223934 wp-block-details-is-layout-flow\" style=\"font-size:0.8em;font-style:normal;font-weight:700;line-height:1.2\" open><summary>Autorit\u00e9 de surveillance et assureur<\/summary>\n<ul style=\"font-style:normal;font-weight:400\" class=\"wp-block-list\">\n<li>Barreau de Kassel, Karth\u00e4userstra\u00dfe 5, 34117 Kassel<\/li>\n\n\n\n<li>Ordre francophone du Barreau de Bruxelles, Palais de Justice - Place Poelaert 1 - 1000 Bruxelles<\/li>\n\n\n\n<li>Le d\u00e9l\u00e9gu\u00e9 de Hesse \u00e0 la protection des donn\u00e9es et \u00e0 la libert\u00e9 d'information, Postfach 3163, 65021 Wiesbaden<\/li>\n\n\n\n<li>Autorit\u00e9 de protection des donn\u00e9es (APD), Rue de la Presse, 35, 1000 Bruxelles<\/li>\n\n\n\n<li>Assureur responsabilit\u00e9 civile pour les dommages p\u00e9cuniaires : HDI Versicherung AG, HDI-Platz 1, 30659 Hannover<\/li>\n<\/ul>\n<\/details>\n\n\n\n<details class=\"wp-block-details alignwide has-contrast-color has-text-color has-link-color wp-elements-81fb6aba9276eca3a0a5ca095d6548da wp-container-content-9cfa9a5a is-layout-flow wp-container-core-details-is-layout-22223934 wp-block-details-is-layout-flow\" style=\"font-size:0.8em;font-style:normal;font-weight:700;line-height:1.2\" open><summary>M\u00e9diation<\/summary>\n<p style=\"font-style:normal;font-weight:400\">La Commission europ\u00e9enne met \u00e0 disposition une plateforme de r\u00e8glement extrajudiciaire des litiges en ligne (plateforme RLL), accessible \u00e0 l'URL&nbsp;<a href=\"https:\/\/www.ec.europa.eu\/consumers\/odr\" target=\"_blank\" rel=\"noreferrer noopener\">www.ec.europa.eu\/consumers\/odr<\/a>&nbsp;peut \u00eatre consult\u00e9e. Notre adresse e-mail est la suivante&nbsp;<a href=\"mailto:kanzlei@prozessfuehrung.de\">hallo@temion.de<\/a>.<\/p>\n\n\n\n<p style=\"font-style:normal;font-weight:400\">Le cabinet participe (exclusivement) \u00e0 des proc\u00e9dures de conciliation devant le service de conciliation de la profession d'avocat, Rauchstra\u00dfe 26, 10787 Berlin, dans la mesure o\u00f9 le motif de la conciliation provient d'un mandat non commercial.<\/p>\n<\/details>\n<\/div>\n<\/div>\n<\/div>\n<\/div>\n<\/div>\n\n\n\n<p><\/p>\n\n\n\n<p><\/p>\n\n\n\n<p><\/p>\n\n\n\n<p><\/p>","protected":false},"excerpt":{"rendered":"<p>TEMION Rechtsanwaltsgesellschaft mbH i.L. E hallo@temion.eu T +49 561 47393540 Kassel Treppenstra\u00dfe 534117 KasselDeutschland Br\u00fcssel Rue aux LainesBr\u00fcssel, 1000Belgien<\/p>","protected":false},"author":1,"featured_media":0,"parent":0,"menu_order":0,"comment_status":"closed","ping_status":"open","template":"","meta":{"footnotes":""},"class_list":["post-2","page","type-page","status-publish","hentry"],"yoast_head":"<!-- This site is optimized with the Yoast SEO plugin v26.2 - https:\/\/yoast.com\/wordpress\/plugins\/seo\/ -->\n<title>Impressum - Temion<\/title>\n<meta name=\"robots\" content=\"index, follow, max-snippet:-1, max-image-preview:large, max-video-preview:-1\" \/>\n<link rel=\"canonical\" href=\"https:\/\/temion.eu\/fr\/mentions-legales\/\" \/>\n<meta property=\"og:locale\" content=\"fr_FR\" \/>\n<meta property=\"og:type\" content=\"article\" \/>\n<meta property=\"og:title\" content=\"Impressum - Temion\" \/>\n<meta property=\"og:description\" content=\"TEMION Rechtsanwaltsgesellschaft mbH i.L. E hallo@temion.eu T +49 561 47393540 Kassel Treppenstra\u00dfe 534117 KasselDeutschland Br\u00fcssel Rue aux LainesBr\u00fcssel, 1000Belgien\" \/>\n<meta property=\"og:url\" content=\"https:\/\/temion.eu\/fr\/mentions-legales\/\" \/>\n<meta property=\"og:site_name\" content=\"Temion\" \/>\n<meta property=\"article:modified_time\" content=\"2025-08-15T05:59:28+00:00\" \/>\n<meta property=\"og:image\" content=\"https:\/\/overtone0open0fringe0stoning.brazentellurite.eu\/wp-content\/uploads\/sites\/6\/2025\/02\/IMG_0830-1024x768.jpeg\" \/>\n<meta name=\"twitter:card\" content=\"summary_large_image\" \/>\n<meta name=\"twitter:label1\" content=\"Dur\u00e9e de lecture est.\" \/>\n\t<meta name=\"twitter:data1\" content=\"2 minutes\" \/>\n<script type=\"application\/ld+json\" class=\"yoast-schema-graph\">{\"@context\":\"https:\/\/schema.org\",\"@graph\":[{\"@type\":\"WebPage\",\"@id\":\"https:\/\/temion.eu\/de\/impressum\/\",\"url\":\"https:\/\/temion.eu\/de\/impressum\/\",\"name\":\"Impressum - Temion\",\"isPartOf\":{\"@id\":\"https:\/\/temion.eu\/de\/#website\"},\"primaryImageOfPage\":{\"@id\":\"https:\/\/temion.eu\/de\/impressum\/#primaryimage\"},\"image\":{\"@id\":\"https:\/\/temion.eu\/de\/impressum\/#primaryimage\"},\"thumbnailUrl\":\"https:\/\/overtone0open0fringe0stoning.brazentellurite.eu\/wp-content\/uploads\/sites\/6\/2025\/02\/IMG_0830-1024x768.jpeg\",\"datePublished\":\"2024-10-11T17:58:19+00:00\",\"dateModified\":\"2025-08-15T05:59:28+00:00\",\"breadcrumb\":{\"@id\":\"https:\/\/temion.eu\/de\/impressum\/#breadcrumb\"},\"inLanguage\":\"fr-BE\",\"potentialAction\":[{\"@type\":\"ReadAction\",\"target\":[\"https:\/\/temion.eu\/de\/impressum\/\"]}]},{\"@type\":\"ImageObject\",\"inLanguage\":\"fr-BE\",\"@id\":\"https:\/\/temion.eu\/de\/impressum\/#primaryimage\",\"url\":\"https:\/\/overtone0open0fringe0stoning.brazentellurite.eu\/wp-content\/uploads\/sites\/6\/2025\/02\/IMG_0830-1024x768.jpeg\",\"contentUrl\":\"https:\/\/overtone0open0fringe0stoning.brazentellurite.eu\/wp-content\/uploads\/sites\/6\/2025\/02\/IMG_0830-1024x768.jpeg\"},{\"@type\":\"BreadcrumbList\",\"@id\":\"https:\/\/temion.eu\/de\/impressum\/#breadcrumb\",\"itemListElement\":[{\"@type\":\"ListItem\",\"position\":1,\"name\":\"Home\",\"item\":\"https:\/\/temion.eu\/de\/\"},{\"@type\":\"ListItem\",\"position\":2,\"name\":\"Impressum\"}]},{\"@type\":\"WebSite\",\"@id\":\"https:\/\/temion.eu\/de\/#website\",\"url\":\"https:\/\/temion.eu\/de\/\",\"name\":\"Temion\",\"description\":\"Built in estonishing Estonia with love\",\"publisher\":{\"@id\":\"https:\/\/temion.eu\/de\/#organization\"},\"potentialAction\":[{\"@type\":\"SearchAction\",\"target\":{\"@type\":\"EntryPoint\",\"urlTemplate\":\"https:\/\/temion.eu\/de\/?s={search_term_string}\"},\"query-input\":{\"@type\":\"PropertyValueSpecification\",\"valueRequired\":true,\"valueName\":\"search_term_string\"}}],\"inLanguage\":\"fr-BE\"},{\"@type\":\"Organization\",\"@id\":\"https:\/\/temion.eu\/de\/#organization\",\"name\":\"Temion\",\"url\":\"https:\/\/temion.eu\/de\/\",\"logo\":{\"@type\":\"ImageObject\",\"inLanguage\":\"fr-BE\",\"@id\":\"https:\/\/temion.eu\/de\/#\/schema\/logo\/image\/\",\"url\":\"https:\/\/temion.eu\/wp-content\/uploads\/sites\/6\/2024\/11\/logo_temion.png\",\"contentUrl\":\"https:\/\/temion.eu\/wp-content\/uploads\/sites\/6\/2024\/11\/logo_temion.png\",\"width\":500,\"height\":115,\"caption\":\"Temion\"},\"image\":{\"@id\":\"https:\/\/temion.eu\/de\/#\/schema\/logo\/image\/\"}}]}<\/script>\n<!-- \/ Yoast SEO plugin. -->","yoast_head_json":{"title":"Impressum - Temion","robots":{"index":"index","follow":"follow","max-snippet":"max-snippet:-1","max-image-preview":"max-image-preview:large","max-video-preview":"max-video-preview:-1"},"canonical":"https:\/\/temion.eu\/fr\/mentions-legales\/","og_locale":"fr_FR","og_type":"article","og_title":"Impressum - Temion","og_description":"TEMION Rechtsanwaltsgesellschaft mbH i.L. E hallo@temion.eu T +49 561 47393540 Kassel Treppenstra\u00dfe 534117 KasselDeutschland Br\u00fcssel Rue aux LainesBr\u00fcssel, 1000Belgien","og_url":"https:\/\/temion.eu\/fr\/mentions-legales\/","og_site_name":"Temion","article_modified_time":"2025-08-15T05:59:28+00:00","og_image":[{"url":"https:\/\/overtone0open0fringe0stoning.brazentellurite.eu\/wp-content\/uploads\/sites\/6\/2025\/02\/IMG_0830-1024x768.jpeg","type":"","width":"","height":""}],"twitter_card":"summary_large_image","twitter_misc":{"Dur\u00e9e de lecture est.":"2 minutes"},"schema":{"@context":"https:\/\/schema.org","@graph":[{"@type":"WebPage","@id":"https:\/\/temion.eu\/de\/impressum\/","url":"https:\/\/temion.eu\/de\/impressum\/","name":"Impressum - Temion","isPartOf":{"@id":"https:\/\/temion.eu\/de\/#website"},"primaryImageOfPage":{"@id":"https:\/\/temion.eu\/de\/impressum\/#primaryimage"},"image":{"@id":"https:\/\/temion.eu\/de\/impressum\/#primaryimage"},"thumbnailUrl":"https:\/\/overtone0open0fringe0stoning.brazentellurite.eu\/wp-content\/uploads\/sites\/6\/2025\/02\/IMG_0830-1024x768.jpeg","datePublished":"2024-10-11T17:58:19+00:00","dateModified":"2025-08-15T05:59:28+00:00","breadcrumb":{"@id":"https:\/\/temion.eu\/de\/impressum\/#breadcrumb"},"inLanguage":"fr-BE","potentialAction":[{"@type":"ReadAction","target":["https:\/\/temion.eu\/de\/impressum\/"]}]},{"@type":"ImageObject","inLanguage":"fr-BE","@id":"https:\/\/temion.eu\/de\/impressum\/#primaryimage","url":"https:\/\/overtone0open0fringe0stoning.brazentellurite.eu\/wp-content\/uploads\/sites\/6\/2025\/02\/IMG_0830-1024x768.jpeg","contentUrl":"https:\/\/overtone0open0fringe0stoning.brazentellurite.eu\/wp-content\/uploads\/sites\/6\/2025\/02\/IMG_0830-1024x768.jpeg"},{"@type":"BreadcrumbList","@id":"https:\/\/temion.eu\/de\/impressum\/#breadcrumb","itemListElement":[{"@type":"ListItem","position":1,"name":"Home","item":"https:\/\/temion.eu\/de\/"},{"@type":"ListItem","position":2,"name":"Impressum"}]},{"@type":"WebSite","@id":"https:\/\/temion.eu\/de\/#website","url":"https:\/\/temion.eu\/de\/","name":"Temion","description":"Built in estonishing Estonia with love","publisher":{"@id":"https:\/\/temion.eu\/de\/#organization"},"potentialAction":[{"@type":"SearchAction","target":{"@type":"EntryPoint","urlTemplate":"https:\/\/temion.eu\/de\/?s={search_term_string}"},"query-input":{"@type":"PropertyValueSpecification","valueRequired":true,"valueName":"search_term_string"}}],"inLanguage":"fr-BE"},{"@type":"Organization","@id":"https:\/\/temion.eu\/de\/#organization","name":"Temion","url":"https:\/\/temion.eu\/de\/","logo":{"@type":"ImageObject","inLanguage":"fr-BE","@id":"https:\/\/temion.eu\/de\/#\/schema\/logo\/image\/","url":"https:\/\/temion.eu\/wp-content\/uploads\/sites\/6\/2024\/11\/logo_temion.png","contentUrl":"https:\/\/temion.eu\/wp-content\/uploads\/sites\/6\/2024\/11\/logo_temion.png","width":500,"height":115,"caption":"Temion"},"image":{"@id":"https:\/\/temion.eu\/de\/#\/schema\/logo\/image\/"}}]}},"_links":{"self":[{"href":"https:\/\/temion.eu\/fr\/wp-json\/wp\/v2\/pages\/2","targetHints":{"allow":["GET"]}}],"collection":[{"href":"https:\/\/temion.eu\/fr\/wp-json\/wp\/v2\/pages"}],"about":[{"href":"https:\/\/temion.eu\/fr\/wp-json\/wp\/v2\/types\/page"}],"author":[{"embeddable":true,"href":"https:\/\/temion.eu\/fr\/wp-json\/wp\/v2\/users\/1"}],"replies":[{"embeddable":true,"href":"https:\/\/temion.eu\/fr\/wp-json\/wp\/v2\/comments?post=2"}],"version-history":[{"count":10,"href":"https:\/\/temion.eu\/fr\/wp-json\/wp\/v2\/pages\/2\/revisions"}],"predecessor-version":[{"id":2270,"href":"https:\/\/temion.eu\/fr\/wp-json\/wp\/v2\/pages\/2\/revisions\/2270"}],"wp:attachment":[{"href":"https:\/\/temion.eu\/fr\/wp-json\/wp\/v2\/media?parent=2"}],"curies":[{"name":"wp","href":"https:\/\/api.w.org\/{rel}","templated":true}]}}